{"id":549,"date":"2023-08-08T08:55:16","date_gmt":"2023-08-08T08:55:16","guid":{"rendered":"https:\/\/lucid-raman.87-106-125-179.plesk.page\/index.php\/legal-notice-copy\/"},"modified":"2023-08-08T08:56:17","modified_gmt":"2023-08-08T08:56:17","slug":"conditions-of-use","status":"publish","type":"page","link":"https:\/\/lucid-raman.87-106-125-179.plesk.page\/index.php\/conditions-of-use\/","title":{"rendered":"Conditions of use"},"content":{"rendered":"\t\t<div data-elementor-type=\"wp-page\" data-elementor-id=\"549\" class=\"elementor elementor-549\">\n\t\t\t\t\t\t\t\t\t<section class=\"elementor-section elementor-top-section elementor-element elementor-element-7394df9 elementor-section-boxed elementor-section-height-default elementor-section-height-default\" data-id=\"7394df9\" data-element_type=\"section\">\n\t\t\t\t\t\t<div class=\"elementor-container elementor-column-gap-default\">\n\t\t\t\t\t<div class=\"elementor-column elementor-col-100 elementor-top-column elementor-element elementor-element-b0b4852\" data-id=\"b0b4852\" data-element_type=\"column\">\n\t\t\t<div class=\"elementor-widget-wrap elementor-element-populated\">\n\t\t\t\t\t\t\t\t<div class=\"elementor-element elementor-element-f05a3dd elementor-widget elementor-widget-text-editor\" data-id=\"f05a3dd\" data-element_type=\"widget\" data-widget_type=\"text-editor.default\">\n\t\t\t\t<div class=\"elementor-widget-container\">\n\t\t\t<style>\/*! elementor - v3.15.0 - 02-08-2023 *\/\n.elementor-widget-text-editor.elementor-drop-cap-view-stacked .elementor-drop-cap{background-color:#69727d;color:#fff}.elementor-widget-text-editor.elementor-drop-cap-view-framed .elementor-drop-cap{color:#69727d;border:3px solid;background-color:transparent}.elementor-widget-text-editor:not(.elementor-drop-cap-view-default) .elementor-drop-cap{margin-top:8px}.elementor-widget-text-editor:not(.elementor-drop-cap-view-default) .elementor-drop-cap-letter{width:1em;height:1em}.elementor-widget-text-editor .elementor-drop-cap{float:left;text-align:center;line-height:1;font-size:50px}.elementor-widget-text-editor .elementor-drop-cap-letter{display:inline-block}<\/style>\t\t\t\t<p><span data-darkreader-inline-color=\"\">Las presentes condiciones generales (en adelante las Condiciones Generales) regulan el acceso y el uso del sitio web de Internet www.suavett.com (en adelante el Sitio web) que UBESOL S.L. (en adelante UBESOL) pone a disposici\u00f3n de los usuarios.<\/span><\/p><p><strong>La utilizaci\u00f3n del Sitio web supone la aceptaci\u00f3n plena por el usuario de todas las Condiciones Generales vigentes en cada momento en que el usuario acceda al mismo. Por lo que si \u00e9ste no est\u00e1 de acuerdo con cualquiera de las condiciones aqu\u00ed establecidas deber\u00e1 abstenerse de usar este Sitio web.<\/strong><\/p><p>UBESOL se reserva el derecho de modificar, sin previo aviso, en cualquier momento las presentes Condiciones Generales, as\u00ed como su configuraci\u00f3n, localizaci\u00f3n y cualesquiera otros t\u00e9rminos generales o particulares, reglamentos de uso, instrucciones o avisos que resulten de aplicaci\u00f3n. Asimismo, UBESOL se reserva el derecho de suspender, interrumpir o dejar de operar el Sitio web en cualquier momento.<\/p><ol><li><span data-darkreader-inline-color=\"\"><strong>SERVICIOS OFRECIDOS.<\/strong><\/span><\/li><\/ol><p><span data-darkreader-inline-color=\"\">UBESOL ofrece a trav\u00e9s de sus sitios web los siguientes servicios:<\/span><\/p><ul><li><span data-darkreader-inline-color=\"\">Informaci\u00f3n acerca de UBESOL, sus marcas y productos.<\/span><\/li><li><span data-darkreader-inline-color=\"\">Respuesta a solicitudes de informaci\u00f3n, dudas o comentarios que los usuarios puedan tener sobre nuestros productos.<\/span><\/li><\/ul><p><span data-darkreader-inline-color=\"\">UBESOL se reserva el derecho de retirar, modificar o ampliar, sin previo aviso, los servicios prestados.<\/span><\/p><ol start=\"2\"><li><span data-darkreader-inline-color=\"\"><strong>\u00a0USUARIOS<\/strong><\/span><\/li><\/ol><p><span data-darkreader-inline-color=\"\">La utilizaci\u00f3n del Sitio Web, y de cualquiera de los servicios del mismo, atribuye la condici\u00f3n de usuario y la aceptaci\u00f3n sin reservas de ninguna clase, de todas y cada una de las presentes condiciones generales, as\u00ed como aquellas otras particulares que, en su caso, rijan la utilizaci\u00f3n del Sitio Web o de los servicios vinculados al mismo.<\/span><\/p><p><span data-darkreader-inline-color=\"\">Si el usuario decide no aceptar, total o parcialmente, las presentes condiciones, deber\u00e1 abstenerse de acceder al sitio web y usar sus contenidos o servicios.<\/span><\/p><p><span data-darkreader-inline-color=\"\">El usuario reconoce ser mayor de dieciocho a\u00f1os y acepta que el acceso y uso del Sitio Web y\/o de los Contenidos incluidos en el mismo para fines particulares o espec\u00edficos, tiene lugar libre y conscientemente y bajo su exclusiva responsabilidad.<\/span><\/p><ol start=\"3\"><li><span data-darkreader-inline-color=\"\"><strong>OBLIGACIONES DEL USUARIO.<\/strong><\/span><\/li><\/ol><p><span data-darkreader-inline-color=\"\">Por el simple acceso al sitio web o a cualquiera de sus servicios vinculados, el usuario se obliga a utilizarlos de forma diligente y correcta, de acuerdo con las presentes condiciones y de conformidad con la ley, la moral y el orden p\u00fablico, y asume, entre otras, las siguientes obligaciones:<\/span><\/p><ul><li><span data-darkreader-inline-color=\"\">No utilizar los contenidos y en particular la informaci\u00f3n obtenida a trav\u00e9s del Sitio Web para remitir publicidad, enviar mensajes con fines de venta o con cualquier otro fin comercial, o para recoger o almacenar datos personales.<\/span><\/li><li><span data-darkreader-inline-color=\"\">Abstenerse de suprimir los signos identificativos de los derechos (de propiedad intelectual, industrial o cualquier otro) de UBESOL, sus filiales o de los terceros, que figuren en el Sitio Web y en cada uno de los diversos servicios ofrecidos a trav\u00e9s de \u00e9l.<\/span><\/li><li><span data-darkreader-inline-color=\"\">Abstenerse de eludir o manipular cualquier dispositivo t\u00e9cnico establecido por UBESOL o por terceros, ya sea en el Sitio Web, en cualquiera de los servicios o en cualquiera de los materiales, elementos o informaci\u00f3n obtenidos a trav\u00e9s del mismo, para la protecci\u00f3n de sus derechos.<\/span><\/li><li><span data-darkreader-inline-color=\"\">No usar ni aplicar recursos t\u00e9cnicos o tecnol\u00f3gicos por virtud de los cuales los usuarios puedan beneficiarse, directa o indirectamente, con o sin lucro, de la explotaci\u00f3n no autorizada de los contenidos o Servicios del sitio web.<\/span><\/li><li><span data-darkreader-inline-color=\"\">No introducir, almacenar o difundir mediante el Sitio Web o a trav\u00e9s de cualquiera de los servicios vinculados al mismo ning\u00fan material que sea difamatorio, injurioso, obsceno, amenazador, xen\u00f3fobo, pornogr\u00e1fico, de apolog\u00eda al terrorismo, que incite a la violencia a la discriminaci\u00f3n por raz\u00f3n de raza, sexo, ideolog\u00eda, religi\u00f3n o que de cualquier forma atente contra el orden p\u00fablico, los derechos fundamentales, las libertades p\u00fablicas, el honor, la intimidad o la imagen de terceros y en general la normativa vigente.<\/span><\/li><li><span data-darkreader-inline-color=\"\">No introducir, almacenar o difundir mediante el Sitio Web o a trav\u00e9s de cualquiera de los servicios vinculados al mismo ning\u00fan programa de ordenador, datos, virus, c\u00f3digo y en general, abstenerse de llevar a cabo actuaciones que, de cualquier forma, puedan da\u00f1ar, inutilizar, sobrecargar o deterior el sitio web, los equipos, sistemas, redes, programas, datos o informaci\u00f3n de UBESOL, de sus proveedores, de cualquier usuario o, en general, de cualquier tercero, o impedir la normal utilizaci\u00f3n o disfrute del sitio web o de los servicios a \u00e9l vinculados.<\/span><\/li><li><span data-darkreader-inline-color=\"\">Responder de los da\u00f1os y perjuicios que pudiera sufrir UBESOL, sus filiales, sus trabajadores, proveedores, clientes, otros usuarios y terceros en general, como consecuencia del incumplimiento de las presentes condiciones o de las particulares que fueran de aplicaci\u00f3n a los servicios vinculados al sitio web, oblig\u00e1ndose a mantener indemne a UBESOL, sus filiales, trabajadores, clientes y proveedores frente a cualquier reclamaci\u00f3n, demanda o sanci\u00f3n que pudiera ser formulada o impuesta como consecuencia directa o indirecta del mencionado incumplimiento.<\/span><\/li><\/ul><ol start=\"4\"><li><span data-darkreader-inline-color=\"\"><strong>PROPIEDAD INTELECTUAL E INDUSTRIAL.<\/strong><\/span><\/li><\/ol><p><span data-darkreader-inline-color=\"\">La totalidad de esta web est\u00e1 protegida por las leyes espa\u00f1olas e internacionales sobre Propiedad Intelectual e Industrial. Asimismo, el contenido de este sitio web tiene la consideraci\u00f3n de programa de ordenador, con lo cual se le aplica toda la legislaci\u00f3n espa\u00f1ola y comunitaria vigente. Los derechos de Propiedad Intelectual de los contenidos cedidos en nuestro sitio web, son propiedad de sus respectivos autores. El resto, son propiedad de UBESOL.<\/span><\/p><p><span data-darkreader-inline-color=\"\">A t\u00edtulo meramente enunciativo, dicha titularidad abarca: la p\u00e1gina en s\u00ed, pantallas, la informaci\u00f3n y materiales incluidos en la misma, la estructura, selecci\u00f3n, ordenaci\u00f3n y presentaci\u00f3n de sus contenidos, los programas de ordenador, mensajes, gr\u00e1ficos, dibujos, archivos de sonido y\/o imagen, fotograf\u00edas, grabaciones, bases de datos, tecnolog\u00eda, equipos inform\u00e1ticos, know how, marcas, signos distintivos, logos, nombres de dominio, y en general cualquier clase de creaci\u00f3n o material accesible a trav\u00e9s del sitio web.<\/span><\/p><p><span data-darkreader-inline-color=\"\">El usuario reconoce y acepta, la existencia de derechos de Propiedad Industrial e Intelectual de terceros sobre parte de los elementos anteriormente mencionados, que igualmente se obliga a respetar.<\/span><\/p><p><span data-darkreader-inline-color=\"\">El \u00fanico uso del Sitio Web, de sus contenidos y servicios que UBESOL autoriza es el personal de cada uno de los usuarios, sin que a \u00e9stos les est\u00e9 permitido realizar, ni directa ni indirectamente, una explotaci\u00f3n comercial ni de los servicios ni de los materiales, elementos e informaci\u00f3n obtenidos a trav\u00e9s de los mismos. En consecuencia, el usuario solo puede descargar los contenidos, copiar o imprimir cualquier p\u00e1gina de esta web para su uso privado. Esta autorizaci\u00f3n de copia privada no implica la concesi\u00f3n de licencia o derecho de explotaci\u00f3n alguno a favor del usuario.<\/span><\/p><ol start=\"5\"><li><span data-darkreader-inline-color=\"\"><strong>POL\u00cdTICA DE ENLACES.<\/strong><\/span><\/li><\/ol><p><span data-darkreader-inline-color=\"\">Los enlaces que aparecen en esta p\u00e1gina tienen s\u00f3lo finalidad informativa. UBESOL no se hace responsable de la informaci\u00f3n contenida en esta p\u00e1gina Web. Las eventuales referencias que se realizan en la Web de UBESOL o a cualquier producto, servicios, proceso, enlace, hipertexto u otra informaci\u00f3n, utilizando la marca, el nombre comercial o el fabricante\/suministrador, que sea de titularidad de terceros, no constituye o implica apoyo, patrocinio o recomendaci\u00f3n por parte de UBESOL.<\/span><\/p><ol start=\"6\"><li><span data-darkreader-inline-color=\"\"><strong>LIMITACI\u00d3N DE RESPONSABILIDADES.<\/strong><\/span><\/li><\/ol><p><span data-darkreader-inline-color=\"\">UBESOL lleva a cabo todos los esfuerzos necesarios para garantizar la disponibilidad y continuidad del Sitio Web as\u00ed como de los servicios vinculados al mismo. No obstante, UBESOL no puede garantizar que el Sitio Web y los servicios vinculados al mismo funcionen correctamente en todo momento, que el usuario pueda acceder a ellos y utilizarlos de forma r\u00e1pida, ininterrumpida y libre de errores. De la misma forma, UBESOL no otorga ninguna garant\u00eda respecto a la idoneidad y contenido del Sitio Web o de cualquiera de los servicios vinculados al mismo para la satisfacci\u00f3n de las necesidades espec\u00edficas del usuario.<\/span><\/p><p><span data-darkreader-inline-color=\"\">UBESOL actuar\u00e1 diligentemente seg\u00fan los usos generales aceptados en el sector para evitar la presencia en el Sitio Web o en alguno de los servicios vinculados al mismo de virus u otros elementos lesivos que pudieran causar alteraciones en el sistema inform\u00e1tico del usuario, en sus documentos electr\u00f3nicos o en sus ficheros, pero no puede garantizar la ausencia de tales elementos, no siendo responsable por los da\u00f1os y perjuicios que ello pudiera ocasionar.<\/span><\/p><p><span data-darkreader-inline-color=\"\">UBESOL no controla, ni hace propios, ni garantiza la exactitud, calidad, veracidad, fiabilidad o idoneidad de las informaciones y servicios facilitados o prestados por terceros a trav\u00e9s del Sitio Web. De igual forma, no controla y no garantiza la ausencia de virus u otros elementos lesivos en los contenidos o servicios facilitados o prestados por terceros a trav\u00e9s del Sitio Web.<\/span><\/p><ol start=\"7\"><li><span data-darkreader-inline-color=\"\"><strong>ACCIONES EN CASO DE INCUMPLIMIENTO<\/strong><\/span><\/li><\/ol><p><span data-darkreader-inline-color=\"\">UBESOL se reserva el derecho a ejercer cuantas acciones est\u00e9n disponibles en derecho para exigir las responsabilidades que se deriven del incumplimiento de cualquiera de las disposiciones de estas Condiciones Generales del Sitio web por parte de un usuario.<\/span><\/p><ol start=\"8\"><li><span data-darkreader-inline-color=\"\"><strong>NULIDAD PARCIAL<\/strong><\/span><\/li><\/ol><p><span data-darkreader-inline-color=\"\">La declaraci\u00f3n de cualquiera de las cl\u00e1usulas contenidas en estas Condiciones Generales como nula, inv\u00e1lida o ineficaz no afectar\u00e1 a la validez o eficacia de las restantes, que seguir\u00e1n siendo vinculantes entre las partes. La renuncia por cualquiera de las partes a exigir en un momento determinado el cumplimiento de una cualquiera de las condiciones generales aqu\u00ed estipuladas no implicar\u00e1 una renuncia con car\u00e1cter general al cumplimiento de otra condici\u00f3n o condiciones, ni crear\u00e1 un derecho adquirido para la otra parte.<\/span><\/p><ol start=\"9\"><li><span data-darkreader-inline-color=\"\"><strong>JURISDICCI\u00d3N Y LEYES APLICABLES<\/strong><\/span><\/li><\/ol><p><span data-darkreader-inline-color=\"\">Cualquier controversia relativa a las condiciones de uso y acceso de este sitio Web contenidas en la presente Informaci\u00f3n Legal, as\u00ed como cualquier relaci\u00f3n entre usted como usuario-visitante y UBESOL, se regir\u00e1 por la legislaci\u00f3n espa\u00f1ola, renunciando expresamente las partes al que les corresponda, y someti\u00e9ndose a los Juzgados y Tribunales de Valencia.<\/span><\/p><p><span data-darkreader-inline-color=\"\">\u00daltima actualizaci\u00f3n: 01 de diciembre de 2022<\/span><\/p><p><span data-darkreader-inline-color=\"\">\u00a9 Ubesol SL Todos los derechos reservados<\/span><\/p>\t\t\t\t\t\t<\/div>\n\t\t\t\t<\/div>\n\t\t\t\t\t<\/div>\n\t\t<\/div>\n\t\t\t\t\t\t\t<\/div>\n\t\t<\/section>\n\t\t\t\t\t\t\t<\/div>\n\t\t","protected":false},"excerpt":{"rendered":"<p>Las presentes condiciones generales (en adelante las Condiciones Generales) regulan el acceso y el uso del sitio web de Internet www.suavett.com (en adelante el Sitio web) que UBESOL S.L. (en adelante UBESOL) pone a disposici\u00f3n de los usuarios. La utilizaci\u00f3n del Sitio web supone la aceptaci\u00f3n plena por el usuario de todas las Condiciones Generales &hellip;<\/p>\n<p class=\"read-more\"> <a class=\"\" href=\"https:\/\/lucid-raman.87-106-125-179.plesk.page\/index.php\/conditions-of-use\/\"> <span class=\"screen-reader-text\">Conditions of use<\/span> Read More &raquo;<\/a><\/p>\n","protected":false},"author":1,"featured_media":0,"parent":0,"menu_order":0,"comment_status":"closed","ping_status":"closed","template":"elementor_header_footer","meta":{"site-sidebar-layout":"default","site-content-layout":"default","ast-global-header-display":"","ast-banner-title-visibility":"","ast-main-header-display":"","ast-hfb-above-header-display":"","ast-hfb-below-header-display":"","ast-hfb-mobile-header-display":"","site-post-title":"","ast-breadcrumbs-content":"","ast-featured-img":"","footer-sml-layout":"","theme-transparent-header-meta":"","adv-header-id-meta":"","stick-header-meta":"","header-above-stick-meta":"","header-main-stick-meta":"","header-below-stick-meta":"","footnotes":""},"class_list":["post-549","page","type-page","status-publish","hentry"],"_links":{"self":[{"href":"https:\/\/lucid-raman.87-106-125-179.plesk.page\/index.php\/wp-json\/wp\/v2\/pages\/549","targetHints":{"allow":["GET"]}}],"collection":[{"href":"https:\/\/lucid-raman.87-106-125-179.plesk.page\/index.php\/wp-json\/wp\/v2\/pages"}],"about":[{"href":"https:\/\/lucid-raman.87-106-125-179.plesk.page\/index.php\/wp-json\/wp\/v2\/types\/page"}],"author":[{"embeddable":true,"href":"https:\/\/lucid-raman.87-106-125-179.plesk.page\/index.php\/wp-json\/wp\/v2\/users\/1"}],"replies":[{"embeddable":true,"href":"https:\/\/lucid-raman.87-106-125-179.plesk.page\/index.php\/wp-json\/wp\/v2\/comments?post=549"}],"version-history":[{"count":4,"href":"https:\/\/lucid-raman.87-106-125-179.plesk.page\/index.php\/wp-json\/wp\/v2\/pages\/549\/revisions"}],"predecessor-version":[{"id":553,"href":"https:\/\/lucid-raman.87-106-125-179.plesk.page\/index.php\/wp-json\/wp\/v2\/pages\/549\/revisions\/553"}],"wp:attachment":[{"href":"https:\/\/lucid-raman.87-106-125-179.plesk.page\/index.php\/wp-json\/wp\/v2\/media?parent=549"}],"curies":[{"name":"wp","href":"https:\/\/api.w.org\/{rel}","templated":true}]}}